{"id":1898,"date":"2020-06-18T22:37:03","date_gmt":"2020-06-18T19:37:03","guid":{"rendered":"http:\/\/www.awizem.com\/?post_type=product&#038;p=1898"},"modified":"2020-06-18T22:37:28","modified_gmt":"2020-06-18T19:37:28","slug":"1898","status":"publish","type":"product","link":"https:\/\/www.awizem.com\/?product=1898","title":{"rendered":"Ge\u00e7it"},"content":{"rendered":"<p>120cm * 40 cm dresuar. H:81 cm<\/p>\n<p>\u00d6l\u00e7\u00fc veya tasar\u0131m de\u011fi\u015ftirerek sipari\u015f ve bilgi i\u00e7in \u0130leti\u015fime ge\u00e7iniz.<\/p>\n<p>\u00dcretimler kendi at\u00f6lyemizde ger\u00e7ekle\u015ftirilmektedir. \u00dcr\u00fcnlerimiz birinci s\u0131n\u0131f i\u015f\u00e7ilik ve iade garantisi ile \u00fcretilmektedir. Gold, krom, Bak\u0131r, Bak\u0131r eskitme, Pirin\u00e7 eskitme, mat krom, platinyum ve mat sar\u0131 olarak \u00fcretilebilmektedir. Ayr\u0131ca uzun \u00f6m\u00fcrl\u00fc statik f\u0131r\u0131n boya se\u00e7enekleri siyah, beyaz, antrasit ve iste\u011fe ba\u011fl\u0131 RAL koduna g\u00f6re boyanabilmektedir.<\/p>\n<p>\u00dcst materyal i\u00e7in, cam, ayna, mdf, mdflam, mermer, mermer bask\u0131l\u0131 cam, mermer bask\u0131l\u0131 lake boyal\u0131 mdf, masif a\u011fa\u00e7 ve ya metal kullan\u0131labilir.<\/p>\n<p>\u0130stedi\u011finiz \u00fcr\u00fcn, i\u00e7 mimar\u0131m\u0131z taraf\u0131ndan 3 boyutlu olarak \u00e7izilip be\u011feninize sunulur. Sonras\u0131nda sipari\u015f verebilirsiniz.<\/p>\n","protected":false},"excerpt":{"rendered":"<p>120cm * 40 cm dresuar. H:81 cm \u00d6l\u00e7\u00fc veya tasar\u0131m de\u011fi\u015ftirerek sipari\u015f ve bilgi i\u00e7in \u0130leti\u015fime ge\u00e7iniz. \u00dcretimler kendi at\u00f6lyemizde ger\u00e7ekle\u015ftirilmektedir. \u00dcr\u00fcnlerimiz birinci s\u0131n\u0131f i\u015f\u00e7ilik ve iade garantisi ile \u00fcretilmektedir. Gold, krom, Bak\u0131r, Bak\u0131r eskitme, Pirin\u00e7 eskitme, mat krom, platinyum ve mat sar\u0131 olarak \u00fcretilebilmektedir. Ayr\u0131ca uzun \u00f6m\u00fcrl\u00fc statik f\u0131r\u0131n boya se\u00e7enekleri siyah, beyaz, antrasit<\/p>\n<p class=\"link-more\"><a href=\"https:\/\/www.awizem.com\/?product=1898\" class=\"more-link\"><span>Read More<\/span><span class=\"meta-nav\">&#8594;<\/span><\/a><\/p>\n","protected":false},"featured_media":1899,"comment_status":"closed","ping_status":"closed","template":"","meta":{"_joinchat":[]},"product_cat":[101],"product_tag":[],"class_list":{"0":"post-1898","1":"product","2":"type-product","3":"status-publish","4":"has-post-thumbnail","6":"product_cat-dresuar-modelleri","8":"first","9":"instock","10":"shipping-taxable","11":"product-type-simple"},"_links":{"self":[{"href":"https:\/\/www.awizem.com\/index.php?rest_route=\/wp\/v2\/product\/1898"}],"collection":[{"href":"https:\/\/www.awizem.com\/index.php?rest_route=\/wp\/v2\/product"}],"about":[{"href":"https:\/\/www.awizem.com\/index.php?rest_route=\/wp\/v2\/types\/product"}],"replies":[{"embeddable":true,"href":"https:\/\/www.awizem.com\/index.php?rest_route=%2Fwp%2Fv2%2Fcomments&post=1898"}],"wp:featuredmedia":[{"embeddable":true,"href":"https:\/\/www.awizem.com\/index.php?rest_route=\/wp\/v2\/media\/1899"}],"wp:attachment":[{"href":"https:\/\/www.awizem.com\/index.php?rest_route=%2Fwp%2Fv2%2Fmedia&parent=1898"}],"wp:term":[{"taxonomy":"product_cat","embeddable":true,"href":"https:\/\/www.awizem.com\/index.php?rest_route=%2Fwp%2Fv2%2Fproduct_cat&post=1898"},{"taxonomy":"product_tag","embeddable":true,"href":"https:\/\/www.awizem.com\/index.php?rest_route=%2Fwp%2Fv2%2Fproduct_tag&post=1898"}],"curies":[{"name":"wp","href":"https:\/\/api.w.org\/{rel}","templated":true}]}}