{"id":1509,"date":"2020-05-18T15:51:43","date_gmt":"2020-05-18T12:51:43","guid":{"rendered":"http:\/\/www.awizem.com\/?post_type=product&#038;p=1509"},"modified":"2020-05-18T15:51:43","modified_gmt":"2020-05-18T12:51:43","slug":"ak51285","status":"publish","type":"product","link":"https:\/\/www.awizem.com\/?product=ak51285","title":{"rendered":"AK51285"},"content":{"rendered":"<p>\u0130talyan Euroluce K9 kristal cam kollu avize. 12li, 6l\u0131, 8li ve 8li masa \u00fcst\u00fc modeli mevcuttur.<\/p>\n","protected":false},"excerpt":{"rendered":"<p>\u0130talyan Euroluce K9 kristal cam kollu avize. 12li, 6l\u0131, 8li ve 8li masa \u00fcst\u00fc modeli mevcuttur.<\/p>\n","protected":false},"featured_media":1511,"comment_status":"open","ping_status":"closed","template":"","meta":{"_joinchat":[]},"product_cat":[48],"product_tag":[],"class_list":{"0":"post-1509","1":"product","2":"type-product","3":"status-publish","4":"has-post-thumbnail","6":"product_cat-klasik-cam-kollu-avizeler","8":"first","9":"instock","10":"shipping-taxable","11":"product-type-simple"},"_links":{"self":[{"href":"https:\/\/www.awizem.com\/index.php?rest_route=\/wp\/v2\/product\/1509"}],"collection":[{"href":"https:\/\/www.awizem.com\/index.php?rest_route=\/wp\/v2\/product"}],"about":[{"href":"https:\/\/www.awizem.com\/index.php?rest_route=\/wp\/v2\/types\/product"}],"replies":[{"embeddable":true,"href":"https:\/\/www.awizem.com\/index.php?rest_route=%2Fwp%2Fv2%2Fcomments&post=1509"}],"wp:featuredmedia":[{"embeddable":true,"href":"https:\/\/www.awizem.com\/index.php?rest_route=\/wp\/v2\/media\/1511"}],"wp:attachment":[{"href":"https:\/\/www.awizem.com\/index.php?rest_route=%2Fwp%2Fv2%2Fmedia&parent=1509"}],"wp:term":[{"taxonomy":"product_cat","embeddable":true,"href":"https:\/\/www.awizem.com\/index.php?rest_route=%2Fwp%2Fv2%2Fproduct_cat&post=1509"},{"taxonomy":"product_tag","embeddable":true,"href":"https:\/\/www.awizem.com\/index.php?rest_route=%2Fwp%2Fv2%2Fproduct_tag&post=1509"}],"curies":[{"name":"wp","href":"https:\/\/api.w.org\/{rel}","templated":true}]}}