{"id":1448,"date":"2020-05-18T14:05:26","date_gmt":"2020-05-18T11:05:26","guid":{"rendered":"http:\/\/www.awizem.com\/?post_type=product&#038;p=1448"},"modified":"2020-05-18T14:05:26","modified_gmt":"2020-05-18T11:05:26","slug":"modern","status":"publish","type":"product","link":"https:\/\/www.awizem.com\/?product=modern","title":{"rendered":"Modern"},"content":{"rendered":"<p>Led, 9lu tavan avizesi. beyaz \u0131\u015f\u0131k rengi<\/p>\n","protected":false},"excerpt":{"rendered":"<p>Led, 9lu tavan avizesi. beyaz \u0131\u015f\u0131k rengi<\/p>\n","protected":false},"featured_media":1449,"comment_status":"open","ping_status":"closed","template":"","meta":{"_joinchat":[]},"product_cat":[44,71],"product_tag":[],"class_list":{"0":"post-1448","1":"product","2":"type-product","3":"status-publish","4":"has-post-thumbnail","6":"product_cat-led-avize","7":"product_cat-modern-tavan-avizeler","9":"first","10":"instock","11":"shipping-taxable","12":"product-type-simple"},"_links":{"self":[{"href":"https:\/\/www.awizem.com\/index.php?rest_route=\/wp\/v2\/product\/1448"}],"collection":[{"href":"https:\/\/www.awizem.com\/index.php?rest_route=\/wp\/v2\/product"}],"about":[{"href":"https:\/\/www.awizem.com\/index.php?rest_route=\/wp\/v2\/types\/product"}],"replies":[{"embeddable":true,"href":"https:\/\/www.awizem.com\/index.php?rest_route=%2Fwp%2Fv2%2Fcomments&post=1448"}],"wp:featuredmedia":[{"embeddable":true,"href":"https:\/\/www.awizem.com\/index.php?rest_route=\/wp\/v2\/media\/1449"}],"wp:attachment":[{"href":"https:\/\/www.awizem.com\/index.php?rest_route=%2Fwp%2Fv2%2Fmedia&parent=1448"}],"wp:term":[{"taxonomy":"product_cat","embeddable":true,"href":"https:\/\/www.awizem.com\/index.php?rest_route=%2Fwp%2Fv2%2Fproduct_cat&post=1448"},{"taxonomy":"product_tag","embeddable":true,"href":"https:\/\/www.awizem.com\/index.php?rest_route=%2Fwp%2Fv2%2Fproduct_tag&post=1448"}],"curies":[{"name":"wp","href":"https:\/\/api.w.org\/{rel}","templated":true}]}}