{"id":1426,"date":"2020-05-18T13:41:00","date_gmt":"2020-05-18T10:41:00","guid":{"rendered":"http:\/\/www.awizem.com\/?post_type=product&#038;p=1426"},"modified":"2020-05-18T13:41:00","modified_gmt":"2020-05-18T10:41:00","slug":"ymk-202028","status":"publish","type":"product","link":"https:\/\/www.awizem.com\/?product=ymk-202028","title":{"rendered":"YMK 202028"},"content":{"rendered":"<p>Prin\u015f kollu, bordo g\u00f6vdeli \u015fapkal\u0131 avize modeli<\/p>\n","protected":false},"excerpt":{"rendered":"<p>Prin\u015f kollu, bordo g\u00f6vdeli \u015fapkal\u0131 avize modeli<\/p>\n","protected":false},"featured_media":1427,"comment_status":"open","ping_status":"closed","template":"","meta":{"_joinchat":[]},"product_cat":[49],"product_tag":[131],"class_list":{"0":"post-1426","1":"product","2":"type-product","3":"status-publish","4":"has-post-thumbnail","6":"product_cat-pirinc-avizeler","7":"product_tag-pirinc-avize","9":"first","10":"instock","11":"shipping-taxable","12":"product-type-simple"},"_links":{"self":[{"href":"https:\/\/www.awizem.com\/index.php?rest_route=\/wp\/v2\/product\/1426"}],"collection":[{"href":"https:\/\/www.awizem.com\/index.php?rest_route=\/wp\/v2\/product"}],"about":[{"href":"https:\/\/www.awizem.com\/index.php?rest_route=\/wp\/v2\/types\/product"}],"replies":[{"embeddable":true,"href":"https:\/\/www.awizem.com\/index.php?rest_route=%2Fwp%2Fv2%2Fcomments&post=1426"}],"wp:featuredmedia":[{"embeddable":true,"href":"https:\/\/www.awizem.com\/index.php?rest_route=\/wp\/v2\/media\/1427"}],"wp:attachment":[{"href":"https:\/\/www.awizem.com\/index.php?rest_route=%2Fwp%2Fv2%2Fmedia&parent=1426"}],"wp:term":[{"taxonomy":"product_cat","embeddable":true,"href":"https:\/\/www.awizem.com\/index.php?rest_route=%2Fwp%2Fv2%2Fproduct_cat&post=1426"},{"taxonomy":"product_tag","embeddable":true,"href":"https:\/\/www.awizem.com\/index.php?rest_route=%2Fwp%2Fv2%2Fproduct_tag&post=1426"}],"curies":[{"name":"wp","href":"https:\/\/api.w.org\/{rel}","templated":true}]}}