{"id":1378,"date":"2020-05-18T12:49:38","date_gmt":"2020-05-18T09:49:38","guid":{"rendered":"http:\/\/www.awizem.com\/?post_type=product&#038;p=1378"},"modified":"2020-05-18T12:49:38","modified_gmt":"2020-05-18T09:49:38","slug":"ymk-202012","status":"publish","type":"product","link":"https:\/\/www.awizem.com\/?product=ymk-202012","title":{"rendered":"YMK 202012"},"content":{"rendered":"<p>\u0130talyan tasar\u0131m. Pirin\u00e7 eskitme detayl\u0131 kristal cam kollu avize.\u00a0 6 ve 8 kollu versiyonlar\u0131 mevcuttur.<\/p>\n","protected":false},"excerpt":{"rendered":"<p>\u0130talyan tasar\u0131m. Pirin\u00e7 eskitme detayl\u0131 kristal cam kollu avize.\u00a0 6 ve 8 kollu versiyonlar\u0131 mevcuttur.<\/p>\n","protected":false},"featured_media":1379,"comment_status":"open","ping_status":"closed","template":"","meta":{"_joinchat":[]},"product_cat":[48],"product_tag":[128],"class_list":{"0":"post-1378","1":"product","2":"type-product","3":"status-publish","4":"has-post-thumbnail","6":"product_cat-klasik-cam-kollu-avizeler","7":"product_tag-italyan-avize","9":"first","10":"instock","11":"shipping-taxable","12":"product-type-simple"},"_links":{"self":[{"href":"https:\/\/www.awizem.com\/index.php?rest_route=\/wp\/v2\/product\/1378"}],"collection":[{"href":"https:\/\/www.awizem.com\/index.php?rest_route=\/wp\/v2\/product"}],"about":[{"href":"https:\/\/www.awizem.com\/index.php?rest_route=\/wp\/v2\/types\/product"}],"replies":[{"embeddable":true,"href":"https:\/\/www.awizem.com\/index.php?rest_route=%2Fwp%2Fv2%2Fcomments&post=1378"}],"wp:featuredmedia":[{"embeddable":true,"href":"https:\/\/www.awizem.com\/index.php?rest_route=\/wp\/v2\/media\/1379"}],"wp:attachment":[{"href":"https:\/\/www.awizem.com\/index.php?rest_route=%2Fwp%2Fv2%2Fmedia&parent=1378"}],"wp:term":[{"taxonomy":"product_cat","embeddable":true,"href":"https:\/\/www.awizem.com\/index.php?rest_route=%2Fwp%2Fv2%2Fproduct_cat&post=1378"},{"taxonomy":"product_tag","embeddable":true,"href":"https:\/\/www.awizem.com\/index.php?rest_route=%2Fwp%2Fv2%2Fproduct_tag&post=1378"}],"curies":[{"name":"wp","href":"https:\/\/api.w.org\/{rel}","templated":true}]}}