{"id":1353,"date":"2020-05-18T12:10:27","date_gmt":"2020-05-18T09:10:27","guid":{"rendered":"http:\/\/www.awizem.com\/?post_type=product&#038;p=1353"},"modified":"2020-05-18T12:10:27","modified_gmt":"2020-05-18T09:10:27","slug":"ymk-202005","status":"publish","type":"product","link":"https:\/\/www.awizem.com\/?product=ymk-202005","title":{"rendered":"YMK 202005"},"content":{"rendered":"<p>Pirin\u00e7 eskitme kaplama detayl\u0131, opsiyonel \u015fapka kullan\u0131ml\u0131 kristal cam kollu avize. 6 ve 8 kollu modelleri bulunmaktad\u0131r.<\/p>\n","protected":false},"excerpt":{"rendered":"<p>Pirin\u00e7 eskitme kaplama detayl\u0131, opsiyonel \u015fapka kullan\u0131ml\u0131 kristal cam kollu avize. 6 ve 8 kollu modelleri bulunmaktad\u0131r.<\/p>\n","protected":false},"featured_media":1355,"comment_status":"open","ping_status":"closed","template":"","meta":{"_joinchat":[]},"product_cat":[48],"product_tag":[],"class_list":{"0":"post-1353","1":"product","2":"type-product","3":"status-publish","4":"has-post-thumbnail","6":"product_cat-klasik-cam-kollu-avizeler","8":"first","9":"instock","10":"shipping-taxable","11":"product-type-simple"},"_links":{"self":[{"href":"https:\/\/www.awizem.com\/index.php?rest_route=\/wp\/v2\/product\/1353"}],"collection":[{"href":"https:\/\/www.awizem.com\/index.php?rest_route=\/wp\/v2\/product"}],"about":[{"href":"https:\/\/www.awizem.com\/index.php?rest_route=\/wp\/v2\/types\/product"}],"replies":[{"embeddable":true,"href":"https:\/\/www.awizem.com\/index.php?rest_route=%2Fwp%2Fv2%2Fcomments&post=1353"}],"wp:featuredmedia":[{"embeddable":true,"href":"https:\/\/www.awizem.com\/index.php?rest_route=\/wp\/v2\/media\/1355"}],"wp:attachment":[{"href":"https:\/\/www.awizem.com\/index.php?rest_route=%2Fwp%2Fv2%2Fmedia&parent=1353"}],"wp:term":[{"taxonomy":"product_cat","embeddable":true,"href":"https:\/\/www.awizem.com\/index.php?rest_route=%2Fwp%2Fv2%2Fproduct_cat&post=1353"},{"taxonomy":"product_tag","embeddable":true,"href":"https:\/\/www.awizem.com\/index.php?rest_route=%2Fwp%2Fv2%2Fproduct_tag&post=1353"}],"curies":[{"name":"wp","href":"https:\/\/api.w.org\/{rel}","templated":true}]}}