{"id":1320,"date":"2020-05-18T00:23:10","date_gmt":"2020-05-17T21:23:10","guid":{"rendered":"http:\/\/www.awizem.com\/?post_type=product&#038;p=1320"},"modified":"2020-05-18T00:23:10","modified_gmt":"2020-05-17T21:23:10","slug":"hexagon","status":"publish","type":"product","link":"https:\/\/www.awizem.com\/?product=hexagon","title":{"rendered":"Hexagon"},"content":{"rendered":"<p>Alt\u0131gen tasar\u0131ml\u0131 globe metal kollu avize modeli. Boya ve kaplama renk se\u00e7enekleri mevcuttur.<\/p>\n","protected":false},"excerpt":{"rendered":"<p>Alt\u0131gen tasar\u0131ml\u0131 globe metal kollu avize modeli. Boya ve kaplama renk se\u00e7enekleri mevcuttur.<\/p>\n","protected":false},"featured_media":1321,"comment_status":"open","ping_status":"closed","template":"","meta":{"_joinchat":[]},"product_cat":[85],"product_tag":[],"class_list":{"0":"post-1320","1":"product","2":"type-product","3":"status-publish","4":"has-post-thumbnail","6":"product_cat-modern-proje-urunleri","8":"first","9":"instock","10":"shipping-taxable","11":"product-type-simple"},"_links":{"self":[{"href":"https:\/\/www.awizem.com\/index.php?rest_route=\/wp\/v2\/product\/1320"}],"collection":[{"href":"https:\/\/www.awizem.com\/index.php?rest_route=\/wp\/v2\/product"}],"about":[{"href":"https:\/\/www.awizem.com\/index.php?rest_route=\/wp\/v2\/types\/product"}],"replies":[{"embeddable":true,"href":"https:\/\/www.awizem.com\/index.php?rest_route=%2Fwp%2Fv2%2Fcomments&post=1320"}],"wp:featuredmedia":[{"embeddable":true,"href":"https:\/\/www.awizem.com\/index.php?rest_route=\/wp\/v2\/media\/1321"}],"wp:attachment":[{"href":"https:\/\/www.awizem.com\/index.php?rest_route=%2Fwp%2Fv2%2Fmedia&parent=1320"}],"wp:term":[{"taxonomy":"product_cat","embeddable":true,"href":"https:\/\/www.awizem.com\/index.php?rest_route=%2Fwp%2Fv2%2Fproduct_cat&post=1320"},{"taxonomy":"product_tag","embeddable":true,"href":"https:\/\/www.awizem.com\/index.php?rest_route=%2Fwp%2Fv2%2Fproduct_tag&post=1320"}],"curies":[{"name":"wp","href":"https:\/\/api.w.org\/{rel}","templated":true}]}}