{"id":1318,"date":"2020-05-18T00:21:01","date_gmt":"2020-05-17T21:21:01","guid":{"rendered":"http:\/\/www.awizem.com\/?post_type=product&#038;p=1318"},"modified":"2020-05-18T14:28:22","modified_gmt":"2020-05-18T11:28:22","slug":"star-zincir-avize","status":"publish","type":"product","link":"https:\/\/www.awizem.com\/?product=star-zincir-avize","title":{"rendered":"Star Zincir Avize"},"content":{"rendered":"<p>Zincir avize modelimiz. Gold, ve krom renk se\u00e7enekleri mevcuttur. E14 duy tipi kullan\u0131lm\u0131\u015ft\u0131r. \u0130stenilen ebatta \u00fcretilmektedir.<\/p>\n","protected":false},"excerpt":{"rendered":"<p>Zincir avize modelimiz. Gold, ve krom renk se\u00e7enekleri mevcuttur. E14 duy tipi kullan\u0131lm\u0131\u015ft\u0131r. \u0130stenilen ebatta \u00fcretilmektedir.<\/p>\n","protected":false},"featured_media":1319,"comment_status":"open","ping_status":"closed","template":"","meta":{"_joinchat":[]},"product_cat":[85,42],"product_tag":[],"class_list":{"0":"post-1318","1":"product","2":"type-product","3":"status-publish","4":"has-post-thumbnail","6":"product_cat-modern-proje-urunleri","7":"product_cat-zincir-avize","9":"first","10":"instock","11":"shipping-taxable","12":"product-type-simple"},"_links":{"self":[{"href":"https:\/\/www.awizem.com\/index.php?rest_route=\/wp\/v2\/product\/1318"}],"collection":[{"href":"https:\/\/www.awizem.com\/index.php?rest_route=\/wp\/v2\/product"}],"about":[{"href":"https:\/\/www.awizem.com\/index.php?rest_route=\/wp\/v2\/types\/product"}],"replies":[{"embeddable":true,"href":"https:\/\/www.awizem.com\/index.php?rest_route=%2Fwp%2Fv2%2Fcomments&post=1318"}],"wp:featuredmedia":[{"embeddable":true,"href":"https:\/\/www.awizem.com\/index.php?rest_route=\/wp\/v2\/media\/1319"}],"wp:attachment":[{"href":"https:\/\/www.awizem.com\/index.php?rest_route=%2Fwp%2Fv2%2Fmedia&parent=1318"}],"wp:term":[{"taxonomy":"product_cat","embeddable":true,"href":"https:\/\/www.awizem.com\/index.php?rest_route=%2Fwp%2Fv2%2Fproduct_cat&post=1318"},{"taxonomy":"product_tag","embeddable":true,"href":"https:\/\/www.awizem.com\/index.php?rest_route=%2Fwp%2Fv2%2Fproduct_tag&post=1318"}],"curies":[{"name":"wp","href":"https:\/\/api.w.org\/{rel}","templated":true}]}}