{"id":1306,"date":"2020-05-18T00:08:59","date_gmt":"2020-05-17T21:08:59","guid":{"rendered":"http:\/\/www.awizem.com\/?post_type=product&#038;p=1306"},"modified":"2020-05-18T00:08:59","modified_gmt":"2020-05-17T21:08:59","slug":"pipes-aplik","status":"publish","type":"product","link":"https:\/\/www.awizem.com\/?product=pipes-aplik","title":{"rendered":"Pipes Aplik"},"content":{"rendered":"<p>\u00dc\u00e7l\u00fc pipes aplik modeli. Gold, krom, bak\u0131r, eskitme, ve boya se\u00e7enekleri ile.<\/p>\n","protected":false},"excerpt":{"rendered":"<p>\u00dc\u00e7l\u00fc pipes aplik modeli. Gold, krom, bak\u0131r, eskitme, ve boya se\u00e7enekleri ile.<\/p>\n","protected":false},"featured_media":1307,"comment_status":"open","ping_status":"closed","template":"","meta":{"_joinchat":[]},"product_cat":[79],"product_tag":[],"class_list":{"0":"post-1306","1":"product","2":"type-product","3":"status-publish","4":"has-post-thumbnail","6":"product_cat-modern-aplik-modelleri","8":"first","9":"instock","10":"shipping-taxable","11":"product-type-simple"},"_links":{"self":[{"href":"https:\/\/www.awizem.com\/index.php?rest_route=\/wp\/v2\/product\/1306"}],"collection":[{"href":"https:\/\/www.awizem.com\/index.php?rest_route=\/wp\/v2\/product"}],"about":[{"href":"https:\/\/www.awizem.com\/index.php?rest_route=\/wp\/v2\/types\/product"}],"replies":[{"embeddable":true,"href":"https:\/\/www.awizem.com\/index.php?rest_route=%2Fwp%2Fv2%2Fcomments&post=1306"}],"wp:featuredmedia":[{"embeddable":true,"href":"https:\/\/www.awizem.com\/index.php?rest_route=\/wp\/v2\/media\/1307"}],"wp:attachment":[{"href":"https:\/\/www.awizem.com\/index.php?rest_route=%2Fwp%2Fv2%2Fmedia&parent=1306"}],"wp:term":[{"taxonomy":"product_cat","embeddable":true,"href":"https:\/\/www.awizem.com\/index.php?rest_route=%2Fwp%2Fv2%2Fproduct_cat&post=1306"},{"taxonomy":"product_tag","embeddable":true,"href":"https:\/\/www.awizem.com\/index.php?rest_route=%2Fwp%2Fv2%2Fproduct_tag&post=1306"}],"curies":[{"name":"wp","href":"https:\/\/api.w.org\/{rel}","templated":true}]}}