{"id":1302,"date":"2020-05-18T00:01:50","date_gmt":"2020-05-17T21:01:50","guid":{"rendered":"http:\/\/www.awizem.com\/?post_type=product&#038;p=1302"},"modified":"2020-05-18T00:05:11","modified_gmt":"2020-05-17T21:05:11","slug":"globe-aplik-trio","status":"publish","type":"product","link":"https:\/\/www.awizem.com\/?product=globe-aplik-trio","title":{"rendered":"Globe Aplik Trio"},"content":{"rendered":"<p>3l\u00fc globe aplik. opal cam. Gold, bak\u0131r, krom, eskitme ve boya renk se\u00e7enekleri ile<\/p>\n","protected":false},"excerpt":{"rendered":"<p>3l\u00fc globe aplik. opal cam. Gold, bak\u0131r, krom, eskitme ve boya renk se\u00e7enekleri ile<\/p>\n","protected":false},"featured_media":1303,"comment_status":"open","ping_status":"closed","template":"","meta":{"_joinchat":[]},"product_cat":[79],"product_tag":[],"class_list":{"0":"post-1302","1":"product","2":"type-product","3":"status-publish","4":"has-post-thumbnail","6":"product_cat-modern-aplik-modelleri","8":"first","9":"instock","10":"shipping-taxable","11":"product-type-simple"},"_links":{"self":[{"href":"https:\/\/www.awizem.com\/index.php?rest_route=\/wp\/v2\/product\/1302"}],"collection":[{"href":"https:\/\/www.awizem.com\/index.php?rest_route=\/wp\/v2\/product"}],"about":[{"href":"https:\/\/www.awizem.com\/index.php?rest_route=\/wp\/v2\/types\/product"}],"replies":[{"embeddable":true,"href":"https:\/\/www.awizem.com\/index.php?rest_route=%2Fwp%2Fv2%2Fcomments&post=1302"}],"wp:featuredmedia":[{"embeddable":true,"href":"https:\/\/www.awizem.com\/index.php?rest_route=\/wp\/v2\/media\/1303"}],"wp:attachment":[{"href":"https:\/\/www.awizem.com\/index.php?rest_route=%2Fwp%2Fv2%2Fmedia&parent=1302"}],"wp:term":[{"taxonomy":"product_cat","embeddable":true,"href":"https:\/\/www.awizem.com\/index.php?rest_route=%2Fwp%2Fv2%2Fproduct_cat&post=1302"},{"taxonomy":"product_tag","embeddable":true,"href":"https:\/\/www.awizem.com\/index.php?rest_route=%2Fwp%2Fv2%2Fproduct_tag&post=1302"}],"curies":[{"name":"wp","href":"https:\/\/api.w.org\/{rel}","templated":true}]}}