{"id":1223,"date":"2020-05-17T00:58:57","date_gmt":"2020-05-16T21:58:57","guid":{"rendered":"http:\/\/www.awizem.com\/?post_type=product&#038;p=1223"},"modified":"2020-05-17T00:58:57","modified_gmt":"2020-05-16T21:58:57","slug":"galya","status":"publish","type":"product","link":"https:\/\/www.awizem.com\/?product=galya","title":{"rendered":"Galya"},"content":{"rendered":"<p>Sark\u0131t ve plafonyer \u00e7e\u015fitleri ile birlikte birden fazla model se\u00e7ene\u011fi sunan Galya, \u0131\u015f\u0131k kuvveti ile evinize \u015f\u0131kl\u0131k katacak.<\/p>\n","protected":false},"excerpt":{"rendered":"<p>Sark\u0131t ve plafonyer \u00e7e\u015fitleri ile birlikte birden fazla model se\u00e7ene\u011fi sunan Galya, \u0131\u015f\u0131k kuvveti ile evinize \u015f\u0131kl\u0131k katacak.<\/p>\n","protected":false},"featured_media":1228,"comment_status":"open","ping_status":"closed","template":"","meta":{"_joinchat":[]},"product_cat":[44],"product_tag":[],"class_list":{"0":"post-1223","1":"product","2":"type-product","3":"status-publish","4":"has-post-thumbnail","6":"product_cat-led-avize","8":"first","9":"instock","10":"shipping-taxable","11":"product-type-simple"},"_links":{"self":[{"href":"https:\/\/www.awizem.com\/index.php?rest_route=\/wp\/v2\/product\/1223"}],"collection":[{"href":"https:\/\/www.awizem.com\/index.php?rest_route=\/wp\/v2\/product"}],"about":[{"href":"https:\/\/www.awizem.com\/index.php?rest_route=\/wp\/v2\/types\/product"}],"replies":[{"embeddable":true,"href":"https:\/\/www.awizem.com\/index.php?rest_route=%2Fwp%2Fv2%2Fcomments&post=1223"}],"wp:featuredmedia":[{"embeddable":true,"href":"https:\/\/www.awizem.com\/index.php?rest_route=\/wp\/v2\/media\/1228"}],"wp:attachment":[{"href":"https:\/\/www.awizem.com\/index.php?rest_route=%2Fwp%2Fv2%2Fmedia&parent=1223"}],"wp:term":[{"taxonomy":"product_cat","embeddable":true,"href":"https:\/\/www.awizem.com\/index.php?rest_route=%2Fwp%2Fv2%2Fproduct_cat&post=1223"},{"taxonomy":"product_tag","embeddable":true,"href":"https:\/\/www.awizem.com\/index.php?rest_route=%2Fwp%2Fv2%2Fproduct_tag&post=1223"}],"curies":[{"name":"wp","href":"https:\/\/api.w.org\/{rel}","templated":true}]}}