{"id":1210,"date":"2020-05-17T00:33:23","date_gmt":"2020-05-16T21:33:23","guid":{"rendered":"http:\/\/www.awizem.com\/?post_type=product&#038;p=1210"},"modified":"2020-05-17T00:33:23","modified_gmt":"2020-05-16T21:33:23","slug":"halka","status":"publish","type":"product","link":"https:\/\/www.awizem.com\/?product=halka","title":{"rendered":"Halka"},"content":{"rendered":"<p>Halka LED avize modeli. 2li ve 3l\u00fc modelleri stoklarda mevcuttur. \u0130ste\u011fe g\u00f6re 100 cm \u00e7apa kadar istenilen kat say\u0131s\u0131nda \u00fcretimi yap\u0131lmaktad\u0131r. I\u015f\u0131k rengi ve kaplama\/boya rengi \u00f6zel olarak yap\u0131labilir.<\/p>\n<p>Sipari\u015f ve ayr\u0131nt\u0131l\u0131 bilgi i\u00e7in l\u00fctfen aray\u0131n\u0131z. 0312 353 30 30<\/p>\n","protected":false},"excerpt":{"rendered":"<p>Halka LED avize modeli. 2li ve 3l\u00fc modelleri stoklarda mevcuttur. \u0130ste\u011fe g\u00f6re 100 cm \u00e7apa kadar istenilen kat say\u0131s\u0131nda \u00fcretimi yap\u0131lmaktad\u0131r. I\u015f\u0131k rengi ve kaplama\/boya rengi \u00f6zel olarak yap\u0131labilir. Sipari\u015f ve ayr\u0131nt\u0131l\u0131 bilgi i\u00e7in l\u00fctfen aray\u0131n\u0131z. 0312 353 30 30<\/p>\n","protected":false},"featured_media":1211,"comment_status":"open","ping_status":"closed","template":"","meta":{"_joinchat":[]},"product_cat":[44],"product_tag":[],"class_list":{"0":"post-1210","1":"product","2":"type-product","3":"status-publish","4":"has-post-thumbnail","6":"product_cat-led-avize","8":"first","9":"instock","10":"shipping-taxable","11":"product-type-simple"},"_links":{"self":[{"href":"https:\/\/www.awizem.com\/index.php?rest_route=\/wp\/v2\/product\/1210"}],"collection":[{"href":"https:\/\/www.awizem.com\/index.php?rest_route=\/wp\/v2\/product"}],"about":[{"href":"https:\/\/www.awizem.com\/index.php?rest_route=\/wp\/v2\/types\/product"}],"replies":[{"embeddable":true,"href":"https:\/\/www.awizem.com\/index.php?rest_route=%2Fwp%2Fv2%2Fcomments&post=1210"}],"wp:featuredmedia":[{"embeddable":true,"href":"https:\/\/www.awizem.com\/index.php?rest_route=\/wp\/v2\/media\/1211"}],"wp:attachment":[{"href":"https:\/\/www.awizem.com\/index.php?rest_route=%2Fwp%2Fv2%2Fmedia&parent=1210"}],"wp:term":[{"taxonomy":"product_cat","embeddable":true,"href":"https:\/\/www.awizem.com\/index.php?rest_route=%2Fwp%2Fv2%2Fproduct_cat&post=1210"},{"taxonomy":"product_tag","embeddable":true,"href":"https:\/\/www.awizem.com\/index.php?rest_route=%2Fwp%2Fv2%2Fproduct_tag&post=1210"}],"curies":[{"name":"wp","href":"https:\/\/api.w.org\/{rel}","templated":true}]}}