{"id":1183,"date":"2020-05-16T23:54:08","date_gmt":"2020-05-16T20:54:08","guid":{"rendered":"http:\/\/www.awizem.com\/?post_type=product&#038;p=1183"},"modified":"2020-05-16T23:54:08","modified_gmt":"2020-05-16T20:54:08","slug":"yaprak","status":"publish","type":"product","link":"https:\/\/www.awizem.com\/?product=yaprak","title":{"rendered":"Yaprak"},"content":{"rendered":"<p>Kristal yaprak ta\u015fl\u0131 metal modern neoklasik avize modeli. gold ve krom renk se\u00e7ene\u011fi ile.<\/p>\n","protected":false},"excerpt":{"rendered":"<p>Kristal yaprak ta\u015fl\u0131 metal modern neoklasik avize modeli. gold ve krom renk se\u00e7ene\u011fi ile.<\/p>\n","protected":false},"featured_media":1187,"comment_status":"open","ping_status":"closed","template":"","meta":{"_joinchat":[]},"product_cat":[50],"product_tag":[],"class_list":{"0":"post-1183","1":"product","2":"type-product","3":"status-publish","4":"has-post-thumbnail","6":"product_cat-modern-kristal-avize","8":"first","9":"instock","10":"shipping-taxable","11":"product-type-simple"},"_links":{"self":[{"href":"https:\/\/www.awizem.com\/index.php?rest_route=\/wp\/v2\/product\/1183"}],"collection":[{"href":"https:\/\/www.awizem.com\/index.php?rest_route=\/wp\/v2\/product"}],"about":[{"href":"https:\/\/www.awizem.com\/index.php?rest_route=\/wp\/v2\/types\/product"}],"replies":[{"embeddable":true,"href":"https:\/\/www.awizem.com\/index.php?rest_route=%2Fwp%2Fv2%2Fcomments&post=1183"}],"wp:featuredmedia":[{"embeddable":true,"href":"https:\/\/www.awizem.com\/index.php?rest_route=\/wp\/v2\/media\/1187"}],"wp:attachment":[{"href":"https:\/\/www.awizem.com\/index.php?rest_route=%2Fwp%2Fv2%2Fmedia&parent=1183"}],"wp:term":[{"taxonomy":"product_cat","embeddable":true,"href":"https:\/\/www.awizem.com\/index.php?rest_route=%2Fwp%2Fv2%2Fproduct_cat&post=1183"},{"taxonomy":"product_tag","embeddable":true,"href":"https:\/\/www.awizem.com\/index.php?rest_route=%2Fwp%2Fv2%2Fproduct_tag&post=1183"}],"curies":[{"name":"wp","href":"https:\/\/api.w.org\/{rel}","templated":true}]}}