{"id":1164,"date":"2020-05-16T22:06:22","date_gmt":"2020-05-16T19:06:22","guid":{"rendered":"http:\/\/www.awizem.com\/?post_type=product&#038;p=1164"},"modified":"2020-05-16T22:06:44","modified_gmt":"2020-05-16T19:06:44","slug":"maria-thressa-128","status":"publish","type":"product","link":"https:\/\/www.awizem.com\/?product=maria-thressa-128","title":{"rendered":"Maria Thressa 128"},"content":{"rendered":"<p>128 kollu maria thressa avize<\/p>\n<p>&nbsp;<\/p>\n<p>8, 12, 16, 28, 40, 60, 128 kollu se\u00e7enekleri mevcuttur. Masa \u00fczeri modelimiz 10 lu ve 12li olacak \u015fekildedir. \u015feffaf kristale gold, \u015feffafa krom, balcama, gold, se\u00e7enekleri mevcuttur. g\u00fcncel stok bilgisi ve ayr\u0131n\u0131t\u0131l\u0131 bilgi i\u00e7in mutlaka ileti\u015fime ge\u00e7iniz. 0312 353 30 30<\/p>\n","protected":false},"excerpt":{"rendered":"<p>128 kollu maria thressa avize &nbsp; 8, 12, 16, 28, 40, 60, 128 kollu se\u00e7enekleri mevcuttur. Masa \u00fczeri modelimiz 10 lu ve 12li olacak \u015fekildedir. \u015feffaf kristale gold, \u015feffafa krom, balcama, gold, se\u00e7enekleri mevcuttur. g\u00fcncel stok bilgisi ve ayr\u0131n\u0131t\u0131l\u0131 bilgi i\u00e7in mutlaka ileti\u015fime ge\u00e7iniz. 0312 353 30 30<\/p>\n","protected":false},"featured_media":1160,"comment_status":"open","ping_status":"closed","template":"","meta":{"_joinchat":[]},"product_cat":[15],"product_tag":[121],"class_list":{"0":"post-1164","1":"product","2":"type-product","3":"status-publish","4":"has-post-thumbnail","6":"product_cat-avize-modelleri","7":"product_tag-buyuk-maria-thressa-avize","9":"first","10":"instock","11":"shipping-taxable","12":"product-type-simple"},"_links":{"self":[{"href":"https:\/\/www.awizem.com\/index.php?rest_route=\/wp\/v2\/product\/1164"}],"collection":[{"href":"https:\/\/www.awizem.com\/index.php?rest_route=\/wp\/v2\/product"}],"about":[{"href":"https:\/\/www.awizem.com\/index.php?rest_route=\/wp\/v2\/types\/product"}],"replies":[{"embeddable":true,"href":"https:\/\/www.awizem.com\/index.php?rest_route=%2Fwp%2Fv2%2Fcomments&post=1164"}],"wp:featuredmedia":[{"embeddable":true,"href":"https:\/\/www.awizem.com\/index.php?rest_route=\/wp\/v2\/media\/1160"}],"wp:attachment":[{"href":"https:\/\/www.awizem.com\/index.php?rest_route=%2Fwp%2Fv2%2Fmedia&parent=1164"}],"wp:term":[{"taxonomy":"product_cat","embeddable":true,"href":"https:\/\/www.awizem.com\/index.php?rest_route=%2Fwp%2Fv2%2Fproduct_cat&post=1164"},{"taxonomy":"product_tag","embeddable":true,"href":"https:\/\/www.awizem.com\/index.php?rest_route=%2Fwp%2Fv2%2Fproduct_tag&post=1164"}],"curies":[{"name":"wp","href":"https:\/\/api.w.org\/{rel}","templated":true}]}}