{"id":1097,"date":"2020-05-16T14:43:23","date_gmt":"2020-05-16T11:43:23","guid":{"rendered":"http:\/\/www.awizem.com\/?post_type=product&#038;p=1097"},"modified":"2020-05-16T14:43:23","modified_gmt":"2020-05-16T11:43:23","slug":"plafoneyer-led-top-avize","status":"publish","type":"product","link":"https:\/\/www.awizem.com\/?product=plafoneyer-led-top-avize","title":{"rendered":"Plafoneyer Led Top Avize"},"content":{"rendered":"<p>God ve krom renk se\u00e7enekleri mevcuttur. 3 \u0131\u015f\u0131k rengi kademeli olarak yak\u0131labilmektedir. 5+1 ve 6+1 kol se\u00e7ene\u011fi mevcuttur.<\/p>\n","protected":false},"excerpt":{"rendered":"<p>God ve krom renk se\u00e7enekleri mevcuttur. 3 \u0131\u015f\u0131k rengi kademeli olarak yak\u0131labilmektedir. 5+1 ve 6+1 kol se\u00e7ene\u011fi mevcuttur.<\/p>\n","protected":false},"featured_media":1100,"comment_status":"open","ping_status":"closed","template":"","meta":{"_joinchat":[]},"product_cat":[44],"product_tag":[111],"class_list":{"0":"post-1097","1":"product","2":"type-product","3":"status-publish","4":"has-post-thumbnail","6":"product_cat-led-avize","7":"product_tag-led-avize","9":"first","10":"instock","11":"shipping-taxable","12":"product-type-simple"},"_links":{"self":[{"href":"https:\/\/www.awizem.com\/index.php?rest_route=\/wp\/v2\/product\/1097"}],"collection":[{"href":"https:\/\/www.awizem.com\/index.php?rest_route=\/wp\/v2\/product"}],"about":[{"href":"https:\/\/www.awizem.com\/index.php?rest_route=\/wp\/v2\/types\/product"}],"replies":[{"embeddable":true,"href":"https:\/\/www.awizem.com\/index.php?rest_route=%2Fwp%2Fv2%2Fcomments&post=1097"}],"wp:featuredmedia":[{"embeddable":true,"href":"https:\/\/www.awizem.com\/index.php?rest_route=\/wp\/v2\/media\/1100"}],"wp:attachment":[{"href":"https:\/\/www.awizem.com\/index.php?rest_route=%2Fwp%2Fv2%2Fmedia&parent=1097"}],"wp:term":[{"taxonomy":"product_cat","embeddable":true,"href":"https:\/\/www.awizem.com\/index.php?rest_route=%2Fwp%2Fv2%2Fproduct_cat&post=1097"},{"taxonomy":"product_tag","embeddable":true,"href":"https:\/\/www.awizem.com\/index.php?rest_route=%2Fwp%2Fv2%2Fproduct_tag&post=1097"}],"curies":[{"name":"wp","href":"https:\/\/api.w.org\/{rel}","templated":true}]}}