{"id":1095,"date":"2020-05-16T14:40:24","date_gmt":"2020-05-16T11:40:24","guid":{"rendered":"http:\/\/www.awizem.com\/?post_type=product&#038;p=1095"},"modified":"2020-05-16T14:40:24","modified_gmt":"2020-05-16T11:40:24","slug":"plafonyer-led-avize","status":"publish","type":"product","link":"https:\/\/www.awizem.com\/?product=plafonyer-led-avize","title":{"rendered":"Plafonyer Led Avize"},"content":{"rendered":"<p>Tavana yap\u0131\u015fan dairesel CNC desenli avize modeli. I\u015e\u0131k rengi beyaz. \u00e7ap 40 cm<\/p>\n","protected":false},"excerpt":{"rendered":"<p>Tavana yap\u0131\u015fan dairesel CNC desenli avize modeli. I\u015e\u0131k rengi beyaz. \u00e7ap 40 cm<\/p>\n","protected":false},"featured_media":1096,"comment_status":"open","ping_status":"closed","template":"","meta":{"_joinchat":[]},"product_cat":[44],"product_tag":[],"class_list":{"0":"post-1095","1":"product","2":"type-product","3":"status-publish","4":"has-post-thumbnail","6":"product_cat-led-avize","8":"first","9":"instock","10":"shipping-taxable","11":"product-type-simple"},"_links":{"self":[{"href":"https:\/\/www.awizem.com\/index.php?rest_route=\/wp\/v2\/product\/1095"}],"collection":[{"href":"https:\/\/www.awizem.com\/index.php?rest_route=\/wp\/v2\/product"}],"about":[{"href":"https:\/\/www.awizem.com\/index.php?rest_route=\/wp\/v2\/types\/product"}],"replies":[{"embeddable":true,"href":"https:\/\/www.awizem.com\/index.php?rest_route=%2Fwp%2Fv2%2Fcomments&post=1095"}],"wp:featuredmedia":[{"embeddable":true,"href":"https:\/\/www.awizem.com\/index.php?rest_route=\/wp\/v2\/media\/1096"}],"wp:attachment":[{"href":"https:\/\/www.awizem.com\/index.php?rest_route=%2Fwp%2Fv2%2Fmedia&parent=1095"}],"wp:term":[{"taxonomy":"product_cat","embeddable":true,"href":"https:\/\/www.awizem.com\/index.php?rest_route=%2Fwp%2Fv2%2Fproduct_cat&post=1095"},{"taxonomy":"product_tag","embeddable":true,"href":"https:\/\/www.awizem.com\/index.php?rest_route=%2Fwp%2Fv2%2Fproduct_tag&post=1095"}],"curies":[{"name":"wp","href":"https:\/\/api.w.org\/{rel}","templated":true}]}}