{"id":1074,"date":"2020-05-16T14:01:38","date_gmt":"2020-05-16T11:01:38","guid":{"rendered":"http:\/\/www.awizem.com\/?post_type=product&#038;p=1074"},"modified":"2020-05-16T14:01:38","modified_gmt":"2020-05-16T11:01:38","slug":"lotus","status":"publish","type":"product","link":"https:\/\/www.awizem.com\/?product=lotus","title":{"rendered":"Lotus"},"content":{"rendered":"<p>Lotus ayd\u0131nlatma modeli,12cm x 20 cm kristal cam ebat\u0131. \u0130stenilen \u00e7apta \u00fcretilebilmektedir. Modern\u00a0 Ev aydnlatma tasar\u0131mlar\u0131nda kullan\u0131lmas\u0131na ra\u011fmen b\u00fcy\u00fck ebatlarda \u00fcretildi\u011finde mekanlara \u015f\u0131kl\u0131k katmaktad\u0131r. Siyah vb koyu tonlarda \u00fcretildi\u011finde Country tarz\u0131 yakalamaktad\u0131r. Cam rengi f\u00fcme ve bal olarak iki \u00e7e\u015fittir. Gold, Krom, Eskitme ve Bak\u0131r olarak luxury tarz \u00fcretilmektedir.<\/p>\n","protected":false},"excerpt":{"rendered":"<p>Lotus ayd\u0131nlatma modeli,12cm x 20 cm kristal cam ebat\u0131. \u0130stenilen \u00e7apta \u00fcretilebilmektedir. Modern\u00a0 Ev aydnlatma tasar\u0131mlar\u0131nda kullan\u0131lmas\u0131na ra\u011fmen b\u00fcy\u00fck ebatlarda \u00fcretildi\u011finde mekanlara \u015f\u0131kl\u0131k katmaktad\u0131r. Siyah vb koyu tonlarda \u00fcretildi\u011finde Country tarz\u0131 yakalamaktad\u0131r. Cam rengi f\u00fcme ve bal olarak iki \u00e7e\u015fittir. Gold, Krom, Eskitme ve Bak\u0131r olarak luxury tarz \u00fcretilmektedir.<\/p>\n","protected":false},"featured_media":1080,"comment_status":"open","ping_status":"closed","template":"","meta":{"_joinchat":[]},"product_cat":[47,41,50,85],"product_tag":[],"class_list":{"0":"post-1074","1":"product","2":"type-product","3":"status-publish","4":"has-post-thumbnail","6":"product_cat-country-aydinlatma","7":"product_cat-country-kristal-avize","8":"product_cat-modern-kristal-avize","9":"product_cat-modern-proje-urunleri","11":"first","12":"instock","13":"shipping-taxable","14":"product-type-simple"},"_links":{"self":[{"href":"https:\/\/www.awizem.com\/index.php?rest_route=\/wp\/v2\/product\/1074"}],"collection":[{"href":"https:\/\/www.awizem.com\/index.php?rest_route=\/wp\/v2\/product"}],"about":[{"href":"https:\/\/www.awizem.com\/index.php?rest_route=\/wp\/v2\/types\/product"}],"replies":[{"embeddable":true,"href":"https:\/\/www.awizem.com\/index.php?rest_route=%2Fwp%2Fv2%2Fcomments&post=1074"}],"wp:featuredmedia":[{"embeddable":true,"href":"https:\/\/www.awizem.com\/index.php?rest_route=\/wp\/v2\/media\/1080"}],"wp:attachment":[{"href":"https:\/\/www.awizem.com\/index.php?rest_route=%2Fwp%2Fv2%2Fmedia&parent=1074"}],"wp:term":[{"taxonomy":"product_cat","embeddable":true,"href":"https:\/\/www.awizem.com\/index.php?rest_route=%2Fwp%2Fv2%2Fproduct_cat&post=1074"},{"taxonomy":"product_tag","embeddable":true,"href":"https:\/\/www.awizem.com\/index.php?rest_route=%2Fwp%2Fv2%2Fproduct_tag&post=1074"}],"curies":[{"name":"wp","href":"https:\/\/api.w.org\/{rel}","templated":true}]}}