{"id":1052,"date":"2020-05-16T00:27:29","date_gmt":"2020-05-15T21:27:29","guid":{"rendered":"http:\/\/www.awizem.com\/?post_type=product&#038;p=1052"},"modified":"2020-05-16T00:27:29","modified_gmt":"2020-05-15T21:27:29","slug":"sot-avize","status":"publish","type":"product","link":"https:\/\/www.awizem.com\/?product=sot-avize","title":{"rendered":"\u015eot Avize"},"content":{"rendered":"<p>\u015eot ta\u015fl\u0131, kristal avize. Krom, gold, bak\u0131r, bak\u0131r eskitme, pirin\u00e7 eskitme\u00a0 ve s\u0131n\u0131rs\u0131z boya se\u00e7enekleri bulunmaktad\u0131r.<\/p>\n<p>istenilen renk, ve ebatta \u00fcretmekteyiz.<\/p>\n","protected":false},"excerpt":{"rendered":"<p>\u015eot ta\u015fl\u0131, kristal avize. Krom, gold, bak\u0131r, bak\u0131r eskitme, pirin\u00e7 eskitme\u00a0 ve s\u0131n\u0131rs\u0131z boya se\u00e7enekleri bulunmaktad\u0131r. istenilen renk, ve ebatta \u00fcretmekteyiz.<\/p>\n","protected":false},"featured_media":1053,"comment_status":"open","ping_status":"closed","template":"","meta":{"_joinchat":[]},"product_cat":[70,71],"product_tag":[],"class_list":{"0":"post-1052","1":"product","2":"type-product","3":"status-publish","4":"has-post-thumbnail","6":"product_cat-krsital-tavan-avizeleri","7":"product_cat-modern-tavan-avizeler","9":"first","10":"instock","11":"shipping-taxable","12":"product-type-simple"},"_links":{"self":[{"href":"https:\/\/www.awizem.com\/index.php?rest_route=\/wp\/v2\/product\/1052"}],"collection":[{"href":"https:\/\/www.awizem.com\/index.php?rest_route=\/wp\/v2\/product"}],"about":[{"href":"https:\/\/www.awizem.com\/index.php?rest_route=\/wp\/v2\/types\/product"}],"replies":[{"embeddable":true,"href":"https:\/\/www.awizem.com\/index.php?rest_route=%2Fwp%2Fv2%2Fcomments&post=1052"}],"wp:featuredmedia":[{"embeddable":true,"href":"https:\/\/www.awizem.com\/index.php?rest_route=\/wp\/v2\/media\/1053"}],"wp:attachment":[{"href":"https:\/\/www.awizem.com\/index.php?rest_route=%2Fwp%2Fv2%2Fmedia&parent=1052"}],"wp:term":[{"taxonomy":"product_cat","embeddable":true,"href":"https:\/\/www.awizem.com\/index.php?rest_route=%2Fwp%2Fv2%2Fproduct_cat&post=1052"},{"taxonomy":"product_tag","embeddable":true,"href":"https:\/\/www.awizem.com\/index.php?rest_route=%2Fwp%2Fv2%2Fproduct_tag&post=1052"}],"curies":[{"name":"wp","href":"https:\/\/api.w.org\/{rel}","templated":true}]}}