{"id":1035,"date":"2020-05-11T02:42:54","date_gmt":"2020-05-10T23:42:54","guid":{"rendered":"http:\/\/www.awizem.com\/?post_type=product&#038;p=1035"},"modified":"2020-05-11T02:42:54","modified_gmt":"2020-05-10T23:42:54","slug":"telli-spot-sarkit-avize","status":"publish","type":"product","link":"https:\/\/www.awizem.com\/?product=telli-spot-sarkit-avize","title":{"rendered":"Telli spot sark\u0131t avize"},"content":{"rendered":"<p>Tel detal\u0131, tekli sark\u0131t spot avize<\/p>\n","protected":false},"excerpt":{"rendered":"<p>Tel detal\u0131, tekli sark\u0131t spot avize<\/p>\n","protected":false},"featured_media":1036,"comment_status":"open","ping_status":"closed","template":"","meta":{"_joinchat":[]},"product_cat":[44,51],"product_tag":[],"class_list":{"0":"post-1035","1":"product","2":"type-product","3":"status-publish","4":"has-post-thumbnail","6":"product_cat-led-avize","7":"product_cat-tekli-sarkit","9":"first","10":"instock","11":"shipping-taxable","12":"product-type-simple"},"_links":{"self":[{"href":"https:\/\/www.awizem.com\/index.php?rest_route=\/wp\/v2\/product\/1035"}],"collection":[{"href":"https:\/\/www.awizem.com\/index.php?rest_route=\/wp\/v2\/product"}],"about":[{"href":"https:\/\/www.awizem.com\/index.php?rest_route=\/wp\/v2\/types\/product"}],"replies":[{"embeddable":true,"href":"https:\/\/www.awizem.com\/index.php?rest_route=%2Fwp%2Fv2%2Fcomments&post=1035"}],"wp:featuredmedia":[{"embeddable":true,"href":"https:\/\/www.awizem.com\/index.php?rest_route=\/wp\/v2\/media\/1036"}],"wp:attachment":[{"href":"https:\/\/www.awizem.com\/index.php?rest_route=%2Fwp%2Fv2%2Fmedia&parent=1035"}],"wp:term":[{"taxonomy":"product_cat","embeddable":true,"href":"https:\/\/www.awizem.com\/index.php?rest_route=%2Fwp%2Fv2%2Fproduct_cat&post=1035"},{"taxonomy":"product_tag","embeddable":true,"href":"https:\/\/www.awizem.com\/index.php?rest_route=%2Fwp%2Fv2%2Fproduct_tag&post=1035"}],"curies":[{"name":"wp","href":"https:\/\/api.w.org\/{rel}","templated":true}]}}