{"id":107,"date":"2018-09-25T01:55:36","date_gmt":"2018-09-25T01:55:36","guid":{"rendered":"http:\/\/demo.snstheme.com\/wp\/valen\/?page_id=107"},"modified":"2020-05-20T00:53:53","modified_gmt":"2020-05-19T21:53:53","slug":"contact-us","status":"publish","type":"page","link":"https:\/\/www.awizem.com\/?page_id=107","title":{"rendered":"\u0130leti\u015fim"},"content":{"rendered":"<p>[vc_row css=&#8221;.vc_custom_1543142461716{margin-top: 20px !important;}&#8221;][vc_column offset=&#8221;vc_col-lg-offset-3 vc_col-lg-6&#8243;][vc_custom_heading text=&#8221;\u0130leti\u015fime Ge\u00e7mek \u0130\u00e7in&#8221; font_container=&#8221;tag:h3|font_size:36px|text_align:center&#8221; use_theme_fonts=&#8221;yes&#8221; css=&#8221;.vc_custom_1589924769350{margin-bottom: 20px !important;}&#8221;][vc_column_text css=&#8221;.vc_custom_1589924865638{margin-bottom: 0px !important;}&#8221;]<\/p>\n<p style=\"text-align: center;\">Ma\u011fazam\u0131za gelmek mi istiyorsunuz? Uzaktan sorular\u0131n\u0131z m\u0131 var? Sat\u0131\u015f veya teslimat sonras\u0131 irtibata m\u0131 ge\u00e7mek istiyorsunuz? Projeleriniz i\u00e7in teklif mi almak istiyorsunuz?<\/p>\n<p>[\/vc_column_text][\/vc_column][\/vc_row][vc_row css=&#8221;.vc_custom_1538383371096{margin-bottom: 115px !important;}&#8221;][vc_column width=&#8221;1\/2&#8243; offset=&#8221;vc_col-lg-3 vc_col-md-3&#8243; css=&#8221;.vc_custom_1542335351616{padding-top: 55px !important;}&#8221;]<div id=\"sns-infobox-18604638851778749029\" class=\"sns-info-box fa-parent  box-style2\">\n\t<div class=\"info-box-wrapper\">\n\t\t<div class=\"icon\">\n\t\t\t\t\t\t\t<img decoding=\"async\" style=\"max-width:64px\" src=\"https:\/\/www.awizem.com\/wp-content\/uploads\/2018\/10\/ico-location-1.png\" alt=\"Adres\" \/>\n\t\t\t\t\n\t\t<\/div>\n\t\t<div class=\"content-info-box\">\n\t\t\t\t\t\t<h2 class=\"sc_heading\">\n\t\t\t\t\t\t\t\t<a href=\"#\">Adres<\/a>\n\t\t\t\t\t\t\t<\/h2>\n\t\t\t\t\t\tDemirhendek Cd. No:121 Siteler \/ Alt\u0131nda\u011f \/ Ankara\t\t<\/div>\n\t<\/div>\n<\/div>\n[\/vc_column][vc_column width=&#8221;1\/2&#8243; offset=&#8221;vc_col-lg-3 vc_col-md-3&#8243; css=&#8221;.vc_custom_1542335357148{padding-top: 55px !important;}&#8221;]<div id=\"sns-infobox-5840704131778749029\" class=\"sns-info-box fa-parent  box-style2\">\n\t<div class=\"info-box-wrapper\">\n\t\t<div class=\"icon\">\n\t\t\t\t\t\t\t<img decoding=\"async\" style=\"max-width:64px\" src=\"https:\/\/www.awizem.com\/wp-content\/uploads\/2018\/10\/ico-phone.png\" alt=\"Telefon\" \/>\n\t\t\t\t\n\t\t<\/div>\n\t\t<div class=\"content-info-box\">\n\t\t\t\t\t\t<h2 class=\"sc_heading\">\n\t\t\t\t\t\t\t\t<a href=\"#\">Telefon<\/a>\n\t\t\t\t\t\t\t<\/h2>\n\t\t\t\t\t\t0312 353 30 30<br \/>\n0312 353 80 80\t\t<\/div>\n\t<\/div>\n<\/div>\n[\/vc_column][vc_column width=&#8221;1\/2&#8243; offset=&#8221;vc_col-lg-3 vc_col-md-3&#8243; css=&#8221;.vc_custom_1542335361706{padding-top: 55px !important;}&#8221;]<div id=\"sns-infobox-1005455091778749029\" class=\"sns-info-box fa-parent  box-style2\">\n\t<div class=\"info-box-wrapper\">\n\t\t<div class=\"icon\">\n\t\t\t\t\t\t\t<img decoding=\"async\" style=\"max-width:64px\" src=\"https:\/\/www.awizem.com\/wp-content\/uploads\/2018\/10\/ico-mail.png\" alt=\"E-mail\" \/>\n\t\t\t\t\n\t\t<\/div>\n\t\t<div class=\"content-info-box\">\n\t\t\t\t\t\t<h2 class=\"sc_heading\">\n\t\t\t\t\t\t\t\t<a href=\"#\">E-mail<\/a>\n\t\t\t\t\t\t\t<\/h2>\n\t\t\t\t\t\tbilgi@awizem.com<br \/>\ninfo@awizem.com\t\t<\/div>\n\t<\/div>\n<\/div>\n[\/vc_column][vc_column width=&#8221;1\/2&#8243; offset=&#8221;vc_col-lg-3 vc_col-md-3&#8243; css=&#8221;.vc_custom_1542335366823{padding-top: 55px !important;}&#8221;]<div id=\"sns-infobox-18900291201778749029\" class=\"sns-info-box fa-parent  box-style2\">\n\t<div class=\"info-box-wrapper\">\n\t\t<div class=\"icon\">\n\t\t\t\t\t\t\t<img decoding=\"async\" style=\"max-width:64px\" src=\"https:\/\/www.awizem.com\/wp-content\/uploads\/2018\/10\/ico-clock.png\" alt=\"\u00c7al\u0131\u015fma Saatleri\" \/>\n\t\t\t\t\n\t\t<\/div>\n\t\t<div class=\"content-info-box\">\n\t\t\t\t\t\t<h2 class=\"sc_heading\">\n\t\t\t\t\t\t\t\t<a href=\"#\">\u00c7al\u0131\u015fma Saatleri<\/a>\n\t\t\t\t\t\t\t<\/h2>\n\t\t\t\t\t\tPazartesi &#8211; Cumartesi 9:00 &#8211; 19:00<br \/>\nPazar 12:00 &#8211; 18:00\t\t<\/div>\n\t<\/div>\n<\/div>\n[\/vc_column][\/vc_row][vc_row full_width=&#8221;stretch_row_content_no_spaces&#8221; css=&#8221;.vc_custom_1538363419281{margin-bottom: 75px !important;}&#8221;][vc_column][vc_gmaps link=&#8221;#E-8_JTNDaWZyYW1lJTIwc3JjJTNEJTIyaHR0cHMlM0ElMkYlMkZ3d3cuZ29vZ2xlLmNvbSUyRm1hcHMlMkZlbWJlZCUzRnBiJTNEJTIxMW0xNCUyMTFtOCUyMTFtMyUyMTFkMTUyOS4xODI5NzQxNjk5ODg1JTIxMmQzMi45MDE3Njg5NzQyMDUwMyUyMTNkMzkuOTU1NTcwMTk4Njk1NjMlMjEzbTIlMjExaTEwMjQlMjEyaTc2OCUyMTRmMTMuMSUyMTNtMyUyMTFtMiUyMTFzMHgwJTI1M0EweGNkN2EwZDJhOWE2M2I5N2UlMjEyc095bWFrbGFyJTI1MjBBdml6ZSUyMTVlMCUyMTNtMiUyMTFzdHIlMjEyc3RyJTIxNHYxNTg5OTI1MDYzNjc2JTIxNW0yJTIxMXN0ciUyMTJzdHIlMjIlMjB3aWR0aCUzRCUyMjEwMCUyNSUyMiUyMGhlaWdodCUzRCUyMjUwMDAlMjIlMjBmcmFtZWJvcmRlciUzRCUyMjAlMjIlMjBzdHlsZSUzRCUyMmJvcmRlciUzQTAlM0IlMjIlMjBhbGxvd2Z1bGxzY3JlZW4lM0QlMjIlMjIlMjBhcmlhLWhpZGRlbiUzRCUyMmZhbHNlJTIyJTIwdGFiaW5kZXglM0QlMjIwJTIyJTNFJTNDJTJGaWZyYW1lJTNF&#8221; size=&#8221;450px&#8221;][\/vc_column][\/vc_row][vc_row css=&#8221;.vc_custom_1538364237497{margin-bottom: 100px !important;}&#8221;][vc_column width=&#8221;5\/6&#8243; offset=&#8221;vc_col-lg-offset-3 vc_col-lg-6 vc_col-md-offset-2 vc_col-md-8 vc_col-sm-offset-1 vc_col-xs-12&#8243;][vc_custom_heading text=&#8221;Bize Mesaj G\u00f6nderin&#8221; font_container=&#8221;tag:h3|font_size:36px|text_align:center&#8221; use_theme_fonts=&#8221;yes&#8221; css=&#8221;.vc_custom_1589925140887{margin-bottom: 20px !important;}&#8221;][vc_column_text css=&#8221;.vc_custom_1589925164998{margin-bottom: 55px !important;}&#8221;]<\/p>\n<p style=\"text-align: center;\">\u0130ste\u011finizi a\u00e7\u0131k bir \u015fekilde ifade ediniz. Te\u015fekk\u00fcrler.<\/p>\n<p>[\/vc_column_text]\n<div class=\"wpcf7 no-js\" id=\"wpcf7-f6-o1\" lang=\"tr-TR\" dir=\"ltr\">\n<div class=\"screen-reader-response\"><p role=\"status\" aria-live=\"polite\" aria-atomic=\"true\"><\/p> <ul><\/ul><\/div>\n<form action=\"\/index.php?rest_route=%2Fwp%2Fv2%2Fpages%2F107#wpcf7-f6-o1\" method=\"post\" class=\"wpcf7-form init\" aria-label=\"\u0130leti\u015fim Formu\" novalidate=\"novalidate\" data-status=\"init\">\n<div style=\"display: none;\">\n<input type=\"hidden\" name=\"_wpcf7\" value=\"6\" \/>\n<input type=\"hidden\" name=\"_wpcf7_version\" value=\"5.9.8\" \/>\n<input type=\"hidden\" name=\"_wpcf7_locale\" value=\"tr_TR\" \/>\n<input type=\"hidden\" name=\"_wpcf7_unit_tag\" value=\"wpcf7-f6-o1\" \/>\n<input type=\"hidden\" name=\"_wpcf7_container_post\" value=\"0\" \/>\n<input type=\"hidden\" name=\"_wpcf7_posted_data_hash\" value=\"\" \/>\n<\/div>\n<p><label> Ad\u0131n\u0131z (gerekli)<br \/>\n<span class=\"wpcf7-form-control-wrap\" data-name=\"your-name\"><input size=\"40\" maxlength=\"400\" class=\"wpcf7-form-control wpcf7-text wpcf7-validates-as-required\" aria-required=\"true\" aria-invalid=\"false\" value=\"\" type=\"text\" name=\"your-name\" \/><\/span> <\/label>\n<\/p>\n<p><label> E-posta adresiniz (gerekli)<br \/>\n<span class=\"wpcf7-form-control-wrap\" data-name=\"your-email\"><input size=\"40\" maxlength=\"400\" class=\"wpcf7-form-control wpcf7-email wpcf7-validates-as-required wpcf7-text wpcf7-validates-as-email\" aria-required=\"true\" aria-invalid=\"false\" value=\"\" type=\"email\" name=\"your-email\" \/><\/span> <\/label>\n<\/p>\n<p><label> Konu<br \/>\n<span class=\"wpcf7-form-control-wrap\" data-name=\"your-subject\"><input size=\"40\" maxlength=\"400\" class=\"wpcf7-form-control wpcf7-text\" aria-invalid=\"false\" value=\"\" type=\"text\" name=\"your-subject\" \/><\/span> <\/label>\n<\/p>\n<p><label> \u0130letiniz<br \/>\n<span class=\"wpcf7-form-control-wrap\" data-name=\"your-message\"><textarea cols=\"40\" rows=\"10\" maxlength=\"2000\" class=\"wpcf7-form-control wpcf7-textarea\" aria-invalid=\"false\" name=\"your-message\"><\/textarea><\/span> <\/label>\n<\/p>\n<p><input class=\"wpcf7-form-control wpcf7-submit has-spinner\" type=\"submit\" value=\"G\u00f6nder\" \/>\n<\/p><div class=\"wpcf7-response-output\" aria-hidden=\"true\"><\/div>\n<\/form>\n<\/div>\n[\/vc_column][\/vc_row]<\/p>\n","protected":false},"excerpt":{"rendered":"<p>[vc_row css=&#8221;.vc_custom_1543142461716{margin-top: 20px !important;}&#8221;][vc_column offset=&#8221;vc_col-lg-offset-3 vc_col-lg-6&#8243;][vc_custom_heading text=&#8221;\u0130leti\u015fime Ge\u00e7mek \u0130\u00e7in&#8221; font_container=&#8221;tag:h3|font_size:36px|text_align:center&#8221; use_theme_fonts=&#8221;yes&#8221; css=&#8221;.vc_custom_1589924769350{margin-bottom: 20px !important;}&#8221;][vc_column_text css=&#8221;.vc_custom_1589924865638{margin-bottom: 0px !important;}&#8221;] Ma\u011fazam\u0131za gelmek mi istiyorsunuz? Uzaktan sorular\u0131n\u0131z m\u0131 var? Sat\u0131\u015f veya teslimat sonras\u0131 irtibata m\u0131 ge\u00e7mek istiyorsunuz? Projeleriniz i\u00e7in teklif mi almak istiyorsunuz? [\/vc_column_text][\/vc_column][\/vc_row][vc_row css=&#8221;.vc_custom_1538383371096{margin-bottom: 115px !important;}&#8221;][vc_column width=&#8221;1\/2&#8243; offset=&#8221;vc_col-lg-3 vc_col-md-3&#8243; css=&#8221;.vc_custom_1542335351616{padding-top: 55px !important;}&#8221;][\/vc_column][vc_column width=&#8221;1\/2&#8243; offset=&#8221;vc_col-lg-3 vc_col-md-3&#8243; css=&#8221;.vc_custom_1542335357148{padding-top: 55px !important;}&#8221;][\/vc_column][vc_column<\/p>\n<p class=\"link-more\"><a href=\"https:\/\/www.awizem.com\/?page_id=107\" class=\"more-link\"><span>Read More<\/span><span class=\"meta-nav\">&#8594;<\/span><\/a><\/p>\n","protected":false},"author":1,"featured_media":0,"parent":0,"menu_order":0,"comment_status":"closed","ping_status":"closed","template":"","meta":{"_joinchat":[],"footnotes":""},"class_list":["post-107","page","type-page","status-publish","hentry"],"_links":{"self":[{"href":"https:\/\/www.awizem.com\/index.php?rest_route=\/wp\/v2\/pages\/107"}],"collection":[{"href":"https:\/\/www.awizem.com\/index.php?rest_route=\/wp\/v2\/pages"}],"about":[{"href":"https:\/\/www.awizem.com\/index.php?rest_route=\/wp\/v2\/types\/page"}],"author":[{"embeddable":true,"href":"https:\/\/www.awizem.com\/index.php?rest_route=\/wp\/v2\/users\/1"}],"replies":[{"embeddable":true,"href":"https:\/\/www.awizem.com\/index.php?rest_route=%2Fwp%2Fv2%2Fcomments&post=107"}],"version-history":[{"count":4,"href":"https:\/\/www.awizem.com\/index.php?rest_route=\/wp\/v2\/pages\/107\/revisions"}],"predecessor-version":[{"id":1805,"href":"https:\/\/www.awizem.com\/index.php?rest_route=\/wp\/v2\/pages\/107\/revisions\/1805"}],"wp:attachment":[{"href":"https:\/\/www.awizem.com\/index.php?rest_route=%2Fwp%2Fv2%2Fmedia&parent=107"}],"curies":[{"name":"wp","href":"https:\/\/api.w.org\/{rel}","templated":true}]}}